{"id":212,"date":"2016-08-14T14:50:10","date_gmt":"2016-08-14T14:50:10","guid":{"rendered":"http:\/\/test.kriesi.at\/minimal-portfolio\/?page_id=9"},"modified":"2025-06-10T14:08:41","modified_gmt":"2025-06-10T13:08:41","slug":"now","status":"publish","type":"page","link":"https:\/\/tschneid.servus.at\/MAS\/now\/","title":{"rendered":"Now"},"content":{"rendered":"<div id='full_slider_1'  class='avia-fullwidth-slider main_color avia-shadow   avia-builder-el-0  el_before_av_section  avia-builder-el-first   container_wrap fullsize'  ><div  class='avia-slideshow av-30uu3g-e2f47d00bb43c89d88981b105b60432d avia-slideshow-featured_large av_slideshow_full avia-slide_up-slider av-slideshow-ui av-control-minimal av-slideshow-autoplay av-loop-once av-loop-manual-endless av-default-height-applied   avia-slideshow-1' data-slideshow-options=\"{&quot;animation&quot;:&quot;slide_up&quot;,&quot;autoplay&quot;:true,&quot;loop_autoplay&quot;:&quot;once&quot;,&quot;interval&quot;:7,&quot;loop_manual&quot;:&quot;manual-endless&quot;,&quot;autoplay_stopper&quot;:true,&quot;noNavigation&quot;:false,&quot;bg_slider&quot;:false,&quot;keep_padding&quot;:false,&quot;hoverpause&quot;:false,&quot;show_slide_delay&quot;:0}\"  itemprop=\"image\" itemscope=\"itemscope\" itemtype=\"https:\/\/schema.org\/ImageObject\" ><ul class='avia-slideshow-inner ' style='padding-bottom: 56.25%;'><li  class='avia-slideshow-slide av-30uu3g-e2f47d00bb43c89d88981b105b60432d__0  slide-1 slide-odd'><div data-rel='slideshow-1' class='avia-slide-wrap '   ><img fetchpriority=\"high\" class=\"wp-image-64 avia-img-lazy-loading-not-64\"  src='https:\/\/tschneid.servus.at\/MAS\/wp-content\/uploads\/thomas_schneider_kunstkanal.jpg' width='1120' height='630' title='thomas_schneider_kunstkanal' alt=''  itemprop=\"thumbnailUrl\"   \/><\/div><\/li><li  class='avia-slideshow-slide av-30uu3g-e2f47d00bb43c89d88981b105b60432d__1  slide-2 slide-even'><div data-rel='slideshow-1' class='avia-slide-wrap '   ><img fetchpriority=\"high\" class=\"wp-image-266 avia-img-lazy-loading-not-266\"  src='https:\/\/tschneid.servus.at\/MAS\/wp-content\/uploads\/copyright_thomas_schneider-2-1500x630.jpg' width='1500' height='630' title='copyright_thomas_schneider-2' alt=''  itemprop=\"thumbnailUrl\"   \/><\/div><\/li><li  class='avia-slideshow-slide av-30uu3g-e2f47d00bb43c89d88981b105b60432d__2  slide-3 slide-odd'><div data-rel='slideshow-1' class='avia-slide-wrap '   ><img fetchpriority=\"high\" class=\"wp-image-295 avia-img-lazy-loading-not-295\"  src='https:\/\/tschneid.servus.at\/MAS\/wp-content\/uploads\/a4b_walz_este_mitplattendurch3_3-1500x630.jpg' width='1500' height='630' title='a4b_walz_este_mitplattendurch3_3' alt=''  itemprop=\"thumbnailUrl\"   \/><\/div><\/li><li  class='avia-slideshow-slide av-30uu3g-e2f47d00bb43c89d88981b105b60432d__3  slide-4 slide-even'><div data-rel='slideshow-1' class='avia-slide-wrap '   ><img fetchpriority=\"high\" class=\"wp-image-35 avia-img-lazy-loading-not-35\"  src='https:\/\/tschneid.servus.at\/MAS\/wp-content\/uploads\/2016\/09\/Tabakfabrik.jpg' width='840' height='630' title='tabakfabrik' alt=''  itemprop=\"thumbnailUrl\"   \/><\/div><\/li><li  class='avia-slideshow-slide av-30uu3g-e2f47d00bb43c89d88981b105b60432d__4  slide-5 slide-odd'><div data-rel='slideshow-1' class='avia-slide-wrap '   ><img fetchpriority=\"high\" class=\"wp-image-34 avia-img-lazy-loading-not-34\"  src='https:\/\/tschneid.servus.at\/MAS\/wp-content\/uploads\/2016\/09\/NANK_NEUEARBEIT_NEUEKULTUR_Ruth_Spitzer.jpg' width='760' height='570' title='nank_neuearbeit_neuekultur_ruth_spitzer' alt=''  itemprop=\"thumbnailUrl\"   \/><\/div><\/li><\/ul><div class='avia-slideshow-arrows avia-slideshow-controls' ><a href='#prev' class='prev-slide ' aria-hidden='true' data-av_icon='\ue87c' data-av_iconfont='entypo-fontello'  tabindex='-1'>Previous<\/a><a href='#next' class='next-slide ' aria-hidden='true' data-av_icon='\ue87d' data-av_iconfont='entypo-fontello'  tabindex='-1'>Next<\/a><\/div><div class='avia-slideshow-dots avia-slideshow-controls'><a href='#1' class='goto-slide active' >1<\/a><a href='#2' class='goto-slide ' >2<\/a><a href='#3' class='goto-slide ' >3<\/a><a href='#4' class='goto-slide ' >4<\/a><a href='#5' class='goto-slide ' >5<\/a><\/div><\/div><\/div>\n<div id='av_section_1'  class='avia-section av-22bsv8-5af16b83a4c4f1777e7079a85f353543 main_color avia-section-large avia-no-border-styling  avia-builder-el-1  el_after_av_slideshow_full  avia-builder-el-last  avia-bg-style-scroll container_wrap fullsize'  ><div class='container av-section-cont-open' ><div class='template-page content  av-content-full alpha units'><div class='post-entry post-entry-type-page post-entry-212'><div class='entry-content-wrapper clearfix'>\n\n<style type=\"text\/css\" data-created_by=\"avia_inline_auto\" id=\"style-css-av-1x35z0-6e4f20e956f6ed1c40b7bac7dc012255\">\n.flex_column.av-1x35z0-6e4f20e956f6ed1c40b7bac7dc012255{\nborder-radius:0px 0px 0px 0px;\npadding:0px 0px 0px 0px;\n}\n<\/style>\n<div  class='flex_column av-1x35z0-6e4f20e956f6ed1c40b7bac7dc012255 av_one_full  avia-builder-el-2  el_before_av_one_half  avia-builder-el-first  first flex_column_div av-animated-generic bottom-to-top av-zero-column-padding  '     ><style type=\"text\/css\" data-created_by=\"avia_inline_auto\" id=\"style-css-av-1r8bp0-2679ed6535d747fd8f9d392cdae76e06\">\n#top .av-special-heading.av-1r8bp0-2679ed6535d747fd8f9d392cdae76e06{\npadding-bottom:20px;\ncolor:#000000;\nfont-size:40px;\n}\nbody .av-special-heading.av-1r8bp0-2679ed6535d747fd8f9d392cdae76e06 .av-special-heading-tag .heading-char{\nfont-size:25px;\n}\n#top #wrap_all .av-special-heading.av-1r8bp0-2679ed6535d747fd8f9d392cdae76e06 .av-special-heading-tag{\nfont-size:40px;\n}\n.av-special-heading.av-1r8bp0-2679ed6535d747fd8f9d392cdae76e06 .special-heading-inner-border{\nborder-color:#000000;\n}\n.av-special-heading.av-1r8bp0-2679ed6535d747fd8f9d392cdae76e06 .av-subheading{\nfont-size:15px;\n}\n\n@media only screen and (min-width: 480px) and (max-width: 767px){ \n#top #wrap_all .av-special-heading.av-1r8bp0-2679ed6535d747fd8f9d392cdae76e06 .av-special-heading-tag{\nfont-size:0.8em;\n}\n}\n\n@media only screen and (max-width: 479px){ \n#top #wrap_all .av-special-heading.av-1r8bp0-2679ed6535d747fd8f9d392cdae76e06 .av-special-heading-tag{\nfont-size:0.8em;\n}\n}\n<\/style>\n<div  class='av-special-heading av-1r8bp0-2679ed6535d747fd8f9d392cdae76e06 av-special-heading-h1 custom-color-heading blockquote modern-quote  avia-builder-el-3  avia-builder-el-no-sibling  av-inherit-size'><h1 class='av-special-heading-tag'  itemprop=\"headline\"  >Wir leben in spannenden Zeiten<\/h1><div class=\"special-heading-border\"><div class=\"special-heading-inner-border\"><\/div><\/div><\/div><\/div>\n<style type=\"text\/css\" data-created_by=\"avia_inline_auto\" id=\"style-css-av-1lveh8-76eda3ac658f2447675dd70c53c465d4\">\n.flex_column.av-1lveh8-76eda3ac658f2447675dd70c53c465d4{\nborder-radius:0px 0px 0px 0px;\npadding:0px 0px 0px 0px;\n}\n<\/style>\n<div  class='flex_column av-1lveh8-76eda3ac658f2447675dd70c53c465d4 av_one_half  avia-builder-el-4  el_after_av_one_full  el_before_av_one_half  first flex_column_div av-animated-generic bottom-to-top av-zero-column-padding  column-top-margin'     ><section  class='av_textblock_section av-1cwi90-2679fdd405d612d1595ef033c019077c '   itemscope=\"itemscope\" itemtype=\"https:\/\/schema.org\/CreativeWork\" ><div class='avia_textblock'  itemprop=\"text\" ><p>Die sozialen Strukturen, die wir derzeit aufbrechen und einst\u00fcrzen sehen \u2013 lokal, regional und global \u2013 entstammen zwei Quellen: den vormodernen traditionellen und den modernen industriellen Strukturen oder Formen des Denkens und Funktionierens. Beide waren in der Vergangenheit angemessen und sinnvoll. Aber in unserer jetzigen Zeit geraten sie\u00a0gegen\u00fcber dem Lauf der Dinge immer weiter aus dem Takt. Wir haben noch nicht gelernt, wie wir unsere jahrhundertealten kollektiven Muster des Denkens, Sprechens und der Institutionalisierung so umschmelzen und umformen k\u00f6nnen, dass sie den neuen Realit\u00e4ten entsprechen und angemessen sind. Wenn wir da aus der Fassung geraten, k\u00f6nnten wir weniger zur\u00fcck und mehr nach vorne blicken. Mich interessieren die Symptome des Zerfalls und des Aufbruchs als Ausdruck eines tiefer liegenden Transformations-prozesses zu etwas Neuem. Der moderne westliche Materialismus funktioniert nur mehr schleppend.<\/p>\n<\/div><\/section><\/div>\n<style type=\"text\/css\" data-created_by=\"avia_inline_auto\" id=\"style-css-av-1at8dg-4a062964f46436f4b697b07a662d8e52\">\n.flex_column.av-1at8dg-4a062964f46436f4b697b07a662d8e52{\nborder-radius:0px 0px 0px 0px;\npadding:0px 0px 0px 0px;\n}\n<\/style>\n<div  class='flex_column av-1at8dg-4a062964f46436f4b697b07a662d8e52 av_one_half  avia-builder-el-6  el_after_av_one_half  el_before_av_hr  flex_column_div av-animated-generic bottom-to-top av-zero-column-padding  column-top-margin'     ><section  class='av_textblock_section av-15ddg4-079d5df25a2f11678ed715d44d6069ee '   itemscope=\"itemscope\" itemtype=\"https:\/\/schema.org\/CreativeWork\" ><div class='avia_textblock'  itemprop=\"text\" ><p>Die Menschen f\u00fchlen sich mehr und mehr ihrer W\u00fcrde, ihrer Lebendigkeit und ihrer Seele beraubt und sehnen sich noch etwas diffus nach etwas Anderem. Aber die Nebel lichten sich. Es ist, wie V\u00e1clav Havel gesagt hat, so, als ob sich etwas selbst ersch\u00f6pfe und zerst\u00f6re. Aber was erhebt sich nun aus den Tr\u00fcmmern? Wie k\u00f6nnen wir mit diesen Br\u00fcchen umgehen? Was wir sehen, ist, dass sich eine neue Form von Anwesend werden und von Gegenw\u00e4rtigkeit erhebt (Presencing nach Claus Otto Scharmer). Dieses &#8216;present&#8217; beginnt sich spontan durch kleine Gruppen und Netzwerke zu entwickeln. Eine soziale Software entsteht, eine andere Qualit\u00e4t der Verkn\u00fcpfung untereinander im Werden, eine neue Art des miteinander im Sein, und mit dem, was entstehen will. Ein Anwesend- und Pr\u00e4sentseins. Mich interessiert in diesem sozialen Feld Digitalisierung in Verbindung mit Intuition. Mich interessiert Code in Verbindung mit Handwerk. Mich interessiert AI in Verbindung mit Biologie.<\/p>\n<p style=\"text-align: right;\">Thomas Schneider &#8211; code intuitif<\/p>\n<\/div><\/section><\/div>\n<style type=\"text\/css\" data-created_by=\"avia_inline_auto\" id=\"style-css-av-z8l58-a74a8ee6f47475772bb21f7abca8534e\">\n#top .hr.av-z8l58-a74a8ee6f47475772bb21f7abca8534e{\nmargin-top:50px;\nmargin-bottom:80px;\n}\n.hr.av-z8l58-a74a8ee6f47475772bb21f7abca8534e .hr-inner{\nwidth:50px;\nborder-color:#f2f2f2;\n}\n<\/style>\n<div  class='hr av-z8l58-a74a8ee6f47475772bb21f7abca8534e hr-custom  avia-builder-el-8  el_after_av_one_half  el_before_av_heading  hr-center hr-icon-no'><span class='hr-inner inner-border-av-border-fat'><span class=\"hr-inner-style\"><\/span><\/span><\/div>\n\n<style type=\"text\/css\" data-created_by=\"avia_inline_auto\" id=\"style-css-av-t3vxg-7b1dad0ddb2b18621078d238fcbf4f9b\">\n#top .av-special-heading.av-t3vxg-7b1dad0ddb2b18621078d238fcbf4f9b{\npadding-bottom:10px;\nfont-size:25px;\n}\nbody .av-special-heading.av-t3vxg-7b1dad0ddb2b18621078d238fcbf4f9b .av-special-heading-tag .heading-char{\nfont-size:25px;\n}\n#top #wrap_all .av-special-heading.av-t3vxg-7b1dad0ddb2b18621078d238fcbf4f9b .av-special-heading-tag{\nfont-size:25px;\n}\n.av-special-heading.av-t3vxg-7b1dad0ddb2b18621078d238fcbf4f9b .av-subheading{\nfont-size:15px;\n}\n\n@media only screen and (min-width: 480px) and (max-width: 767px){ \n#top #wrap_all .av-special-heading.av-t3vxg-7b1dad0ddb2b18621078d238fcbf4f9b .av-special-heading-tag{\nfont-size:0.8em;\n}\n}\n\n@media only screen and (max-width: 479px){ \n#top #wrap_all .av-special-heading.av-t3vxg-7b1dad0ddb2b18621078d238fcbf4f9b .av-special-heading-tag{\nfont-size:0.8em;\n}\n}\n<\/style>\n<div  class='av-special-heading av-t3vxg-7b1dad0ddb2b18621078d238fcbf4f9b av-special-heading-h1 blockquote modern-quote modern-centered  avia-builder-el-9  el_after_av_hr  el_before_av_hr  av-inherit-size'><h1 class='av-special-heading-tag'  itemprop=\"headline\"  >Latest Work<\/h1><div class=\"special-heading-border\"><div class=\"special-heading-inner-border\"><\/div><\/div><\/div>\n\n<style type=\"text\/css\" data-created_by=\"avia_inline_auto\" id=\"style-css-av-lqwks-9012416e7df6aedf37c1c720c69fef29\">\n#top .hr.hr-invisible.av-lqwks-9012416e7df6aedf37c1c720c69fef29{\nheight:50px;\n}\n<\/style>\n<div  class='hr av-lqwks-9012416e7df6aedf37c1c720c69fef29 hr-invisible  avia-builder-el-10  el_after_av_heading  el_before_av_masonry_gallery  avia-builder-el-last '><span class='hr-inner '><span class=\"hr-inner-style\"><\/span><\/span><\/div>\n<div id='av-masonry-1' class='av-masonry av-19yhg-f19fc9a9ecccedee526434df786320bd noHover av-fixed-size av-large-gap av-hover-overlay- av-masonry-animation-active av-masonry-col-3 av-caption-on-hover av-caption-style-overlay av-masonry-gallery ' data-post_id=\"212\"><div class=\"av-masonry-container isotope av-js-disabled\"><div class='av-masonry-entry isotope-item av-masonry-item-no-image '><\/div><a href=\"https:\/\/tschneid.servus.at\/MAS\/wp-content\/uploads\/oskar.jpg\"  aria-label=\"image oskar\"  id='av-masonry-1-item-259' data-av-masonry-item='259' class='av-masonry-entry isotope-item post-259 attachment type-attachment status-inherit hentry  av-masonry-item-with-image av-grid-img' title=\"oskar\" alt=\"\"    itemprop=\"thumbnailUrl\" ><div class='av-inner-masonry-sizer'><\/div><figure class='av-inner-masonry main_color'><div class=\"av-masonry-outerimage-container\"><div class='av-masonry-image-container' style=\"background-image: url(https:\/\/tschneid.servus.at\/MAS\/wp-content\/uploads\/oskar-705x523.jpg);\"  title=\"oskar\"  ><\/div><\/div><figcaption class='av-inner-masonry-content site-background'><div class='av-inner-masonry-content-pos'><div class='av-inner-masonry-content-pos-content'><div class='avia-arrow'><\/div><div class='av-masonry-entry-content entry-content'  itemprop=\"text\" >Neue Arbeit Neue Kultur<\/div><\/div><\/div><\/figcaption><\/figure><\/a><!--end av-masonry entry--><a href=\"https:\/\/tschneid.servus.at\/MAS\/wp-content\/uploads\/a1_WALZ4-1030x580.jpg\"  aria-label=\"image a1_walz4\"  id='av-masonry-1-item-260' data-av-masonry-item='260' class='av-masonry-entry isotope-item post-260 attachment type-attachment status-inherit hentry  av-masonry-item-with-image av-landscape-img' title=\"a1_walz4\" alt=\"\"    itemprop=\"thumbnailUrl\" ><div class='av-inner-masonry-sizer'><\/div><figure class='av-inner-masonry main_color'><div class=\"av-masonry-outerimage-container\"><div class='av-masonry-image-container' style=\"background-image: url(https:\/\/tschneid.servus.at\/MAS\/wp-content\/uploads\/a1_WALZ4-705x397.jpg);\"  title=\"a1_walz4\"  ><\/div><\/div><figcaption class='av-inner-masonry-content site-background'><div class='av-inner-masonry-content-pos'><div class='av-inner-masonry-content-pos-content'><div class='avia-arrow'><\/div><div class='av-masonry-entry-content entry-content'  itemprop=\"text\" >Die mobile Schuhfabrik auf der Walz<\/div><\/div><\/div><\/figcaption><\/figure><\/a><!--end av-masonry entry--><a href=\"https:\/\/tschneid.servus.at\/MAS\/wp-content\/uploads\/ei_830_n.jpg\"  aria-label=\"image ei_830_n\"  id='av-masonry-1-item-261' data-av-masonry-item='261' class='av-masonry-entry isotope-item post-261 attachment type-attachment status-inherit hentry  av-masonry-item-with-image av-landscape-img' title=\"ei_830_n\" alt=\"\"    itemprop=\"thumbnailUrl\" ><div class='av-inner-masonry-sizer'><\/div><figure class='av-inner-masonry main_color'><div class=\"av-masonry-outerimage-container\"><div class='av-masonry-image-container' style=\"background-image: url(https:\/\/tschneid.servus.at\/MAS\/wp-content\/uploads\/ei_830_n-705x294.jpg);\"  title=\"ei_830_n\"  ><\/div><\/div><figcaption class='av-inner-masonry-content site-background'><div class='av-inner-masonry-content-pos'><div class='av-inner-masonry-content-pos-content'><div class='avia-arrow'><\/div><div class='av-masonry-entry-content entry-content'  itemprop=\"text\" >8.30 Der Spielfilm<\/div><\/div><\/div><\/figcaption><\/figure><\/a><!--end av-masonry entry--><a href=\"https:\/\/tschneid.servus.at\/MAS\/wp-content\/uploads\/910002_essstaebchen_silikon_gelb-1030x686.jpg\"  aria-label=\"image 910002_essstaebchen_silikon_gelb\"  id='av-masonry-1-item-262' data-av-masonry-item='262' class='av-masonry-entry isotope-item post-262 attachment type-attachment status-inherit hentry  av-masonry-item-with-image av-grid-img' title=\"910002_essstaebchen_silikon_gelb\" alt=\"\"    itemprop=\"thumbnailUrl\" ><div class='av-inner-masonry-sizer'><\/div><figure class='av-inner-masonry main_color'><div class=\"av-masonry-outerimage-container\"><div class='av-masonry-image-container' style=\"background-image: url(https:\/\/tschneid.servus.at\/MAS\/wp-content\/uploads\/910002_essstaebchen_silikon_gelb-705x470.jpg);\"  title=\"910002_essstaebchen_silikon_gelb\"  ><\/div><\/div><figcaption class='av-inner-masonry-content site-background'><div class='av-inner-masonry-content-pos'><div class='av-inner-masonry-content-pos-content'><div class='avia-arrow'><\/div><div class='av-masonry-entry-content entry-content'  itemprop=\"text\" >Bits&Bites - Der Konvent der gelben Essst\u00e4bchen<\/div><\/div><\/div><\/figcaption><\/figure><\/a><!--end av-masonry entry--><a href=\"https:\/\/tschneid.servus.at\/MAS\/wp-content\/uploads\/Tabakfabrik-1030x773.jpg\"  aria-label=\"image tabakfabrik\"  id='av-masonry-1-item-263' data-av-masonry-item='263' class='av-masonry-entry isotope-item post-263 attachment type-attachment status-inherit hentry  av-masonry-item-with-image av-grid-img' title=\"tabakfabrik\" alt=\"\"    itemprop=\"thumbnailUrl\" ><div class='av-inner-masonry-sizer'><\/div><figure class='av-inner-masonry main_color'><div class=\"av-masonry-outerimage-container\"><div class='av-masonry-image-container' style=\"background-image: url(https:\/\/tschneid.servus.at\/MAS\/wp-content\/uploads\/Tabakfabrik-705x529.jpg);\"  title=\"tabakfabrik\"  ><\/div><\/div><figcaption class='av-inner-masonry-content site-background'><div class='av-inner-masonry-content-pos'><div class='av-inner-masonry-content-pos-content'><div class='avia-arrow'><\/div><div class='av-masonry-entry-content entry-content'  itemprop=\"text\" >Tabakfabrik Linz<\/div><\/div><\/div><\/figcaption><\/figure><\/a><!--end av-masonry entry--><a href=\"https:\/\/tschneid.servus.at\/MAS\/wp-content\/uploads\/ARS-ELECTRONICA_community_production_NANK-1030x687.jpg\"  aria-label=\"image ARS ELECTRONICA | repair &#8211; sind wir noch zu retten\"  id='av-masonry-1-item-264' data-av-masonry-item='264' class='av-masonry-entry isotope-item post-264 attachment type-attachment status-inherit hentry  av-masonry-item-with-image av-grid-img' title=\"ARS ELECTRONICA | repair &#8211; sind wir noch zu retten\" alt=\"\"    itemprop=\"thumbnailUrl\" ><div class='av-inner-masonry-sizer'><\/div><figure class='av-inner-masonry main_color'><div class=\"av-masonry-outerimage-container\"><div class='av-masonry-image-container' style=\"background-image: url(https:\/\/tschneid.servus.at\/MAS\/wp-content\/uploads\/ARS-ELECTRONICA_community_production_NANK-705x470.jpg);\"  title=\"ARS ELECTRONICA | repair &#8211; sind wir noch zu retten\"  ><\/div><\/div><figcaption class='av-inner-masonry-content site-background'><div class='av-inner-masonry-content-pos'><div class='av-inner-masonry-content-pos-content'><div class='avia-arrow'><\/div><div class='av-masonry-entry-content entry-content'  itemprop=\"text\" >ARS ELECTRONICA FESTIVAL REPAIR<\/div><\/div><\/div><\/figcaption><\/figure><\/a><!--end av-masonry entry--><a href=\"https:\/\/tschneid.servus.at\/MAS\/wp-content\/uploads\/BLUE_FLOWER_DESIGN-1030x575.jpg\"  aria-label=\"image blue_flower_design\"  id='av-masonry-1-item-265' data-av-masonry-item='265' class='av-masonry-entry isotope-item post-265 attachment type-attachment status-inherit hentry  av-masonry-item-with-image av-landscape-img' title=\"blue_flower_design\" alt=\"\"    itemprop=\"thumbnailUrl\" ><div class='av-inner-masonry-sizer'><\/div><figure class='av-inner-masonry main_color'><div class=\"av-masonry-outerimage-container\"><div class='av-masonry-image-container' style=\"background-image: url(https:\/\/tschneid.servus.at\/MAS\/wp-content\/uploads\/BLUE_FLOWER_DESIGN-705x393.jpg);\"  title=\"blue_flower_design\"  ><\/div><\/div><figcaption class='av-inner-masonry-content site-background'><div class='av-inner-masonry-content-pos'><div class='av-inner-masonry-content-pos-content'><div class='avia-arrow'><\/div><div class='av-masonry-entry-content entry-content'  itemprop=\"text\" >ORTHOPRADA Shoe Design<\/div><\/div><\/div><\/figcaption><\/figure><\/a><!--end av-masonry entry--><a href=\"https:\/\/tschneid.servus.at\/MAS\/wp-content\/uploads\/copyright_thomas_schneider-2-1030x773.jpg\"  aria-label=\"image copyright_thomas_schneider-2\"  id='av-masonry-1-item-266' data-av-masonry-item='266' class='av-masonry-entry isotope-item post-266 attachment type-attachment status-inherit hentry  av-masonry-item-with-image av-grid-img' title=\"copyright_thomas_schneider-2\" alt=\"\"    itemprop=\"thumbnailUrl\" ><div class='av-inner-masonry-sizer'><\/div><figure class='av-inner-masonry main_color'><div class=\"av-masonry-outerimage-container\"><div class='av-masonry-image-container' style=\"background-image: url(https:\/\/tschneid.servus.at\/MAS\/wp-content\/uploads\/copyright_thomas_schneider-2-705x529.jpg);\"  title=\"copyright_thomas_schneider-2\"  ><\/div><\/div><figcaption class='av-inner-masonry-content site-background'><div class='av-inner-masonry-content-pos'><div class='av-inner-masonry-content-pos-content'><div class='avia-arrow'><\/div><div class='av-masonry-entry-content entry-content'  itemprop=\"text\" >Vienna Biennale New Factory<\/div><\/div><\/div><\/figcaption><\/figure><\/a><!--end av-masonry entry--><a href=\"https:\/\/tschneid.servus.at\/MAS\/wp-content\/uploads\/copyright_thomas_schneider-1030x773.jpg\"  aria-label=\"image copyright_thomas_schneider\"  id='av-masonry-1-item-267' data-av-masonry-item='267' class='av-masonry-entry isotope-item post-267 attachment type-attachment status-inherit hentry  av-masonry-item-with-image av-grid-img' title=\"copyright_thomas_schneider\" alt=\"\"    itemprop=\"thumbnailUrl\" ><div class='av-inner-masonry-sizer'><\/div><figure class='av-inner-masonry main_color'><div class=\"av-masonry-outerimage-container\"><div class='av-masonry-image-container' style=\"background-image: url(https:\/\/tschneid.servus.at\/MAS\/wp-content\/uploads\/copyright_thomas_schneider-705x529.jpg);\"  title=\"copyright_thomas_schneider\"  ><\/div><\/div><figcaption class='av-inner-masonry-content site-background'><div class='av-inner-masonry-content-pos'><div class='av-inner-masonry-content-pos-content'><div class='avia-arrow'><\/div><div class='av-masonry-entry-content entry-content'  itemprop=\"text\" >Elevate Fesitval<\/div><\/div><\/div><\/figcaption><\/figure><\/a><!--end av-masonry entry--><a href=\"https:\/\/tschneid.servus.at\/MAS\/wp-content\/uploads\/mas_demonstator_fabrik-688x1030.jpg\"  aria-label=\"image mas_demonstator_fabrik\"  id='av-masonry-1-item-268' data-av-masonry-item='268' class='av-masonry-entry isotope-item post-268 attachment type-attachment status-inherit hentry  av-masonry-item-with-image av-grid-img' title=\"mas_demonstator_fabrik\" alt=\"\"    itemprop=\"thumbnailUrl\" ><div class='av-inner-masonry-sizer'><\/div><figure class='av-inner-masonry main_color'><div class=\"av-masonry-outerimage-container\"><div class='av-masonry-image-container' style=\"background-image: url(https:\/\/tschneid.servus.at\/MAS\/wp-content\/uploads\/mas_demonstator_fabrik-471x705.jpg);\"  title=\"mas_demonstator_fabrik\"  ><\/div><\/div><figcaption class='av-inner-masonry-content site-background'><div class='av-inner-masonry-content-pos'><div class='av-inner-masonry-content-pos-content'><div class='avia-arrow'><\/div><div class='av-masonry-entry-content entry-content'  itemprop=\"text\" >Thomas Schneider<\/div><\/div><\/div><\/figcaption><\/figure><\/a><!--end av-masonry entry--><\/div><\/div>\n\n<style type=\"text\/css\" data-created_by=\"avia_inline_auto\" id=\"style-css-av-7nx18-3764bbdeef40035d8149fb98f19da242\">\n#top .hr.av-7nx18-3764bbdeef40035d8149fb98f19da242{\nmargin-top:50px;\nmargin-bottom:80px;\n}\n.hr.av-7nx18-3764bbdeef40035d8149fb98f19da242 .hr-inner{\nwidth:50px;\nborder-color:#f2f2f2;\n}\n<\/style>\n<div  class='hr av-7nx18-3764bbdeef40035d8149fb98f19da242 hr-custom  avia-builder-el-12  el_after_av_masonry_gallery  avia-builder-el-no-sibling  hr-center hr-icon-no'><span class='hr-inner inner-border-av-border-fat'><span class=\"hr-inner-style\"><\/span><\/span><\/div>\n\n","protected":false},"excerpt":{"rendered":"","protected":false},"author":1,"featured_media":0,"parent":0,"menu_order":0,"comment_status":"open","ping_status":"closed","template":"","meta":{"footnotes":""},"class_list":["post-212","page","type-page","status-publish","hentry"],"_links":{"self":[{"href":"https:\/\/tschneid.servus.at\/MAS\/wp-json\/wp\/v2\/pages\/212","targetHints":{"allow":["GET"]}}],"collection":[{"href":"https:\/\/tschneid.servus.at\/MAS\/wp-json\/wp\/v2\/pages"}],"about":[{"href":"https:\/\/tschneid.servus.at\/MAS\/wp-json\/wp\/v2\/types\/page"}],"author":[{"embeddable":true,"href":"https:\/\/tschneid.servus.at\/MAS\/wp-json\/wp\/v2\/users\/1"}],"replies":[{"embeddable":true,"href":"https:\/\/tschneid.servus.at\/MAS\/wp-json\/wp\/v2\/comments?post=212"}],"version-history":[{"count":25,"href":"https:\/\/tschneid.servus.at\/MAS\/wp-json\/wp\/v2\/pages\/212\/revisions"}],"predecessor-version":[{"id":1833,"href":"https:\/\/tschneid.servus.at\/MAS\/wp-json\/wp\/v2\/pages\/212\/revisions\/1833"}],"wp:attachment":[{"href":"https:\/\/tschneid.servus.at\/MAS\/wp-json\/wp\/v2\/media?parent=212"}],"curies":[{"name":"wp","href":"https:\/\/api.w.org\/{rel}","templated":true}]}}