{"id":156,"date":"2016-09-20T09:12:51","date_gmt":"2016-09-20T09:12:51","guid":{"rendered":"http:\/\/test.kriesi.at\/minimal-portfolio\/?page_id=156"},"modified":"2018-06-05T12:33:07","modified_gmt":"2018-06-05T12:33:07","slug":"contact","status":"publish","type":"page","link":"https:\/\/tschneid.servus.at\/MAS\/contact\/","title":{"rendered":"Contact"},"content":{"rendered":"<div id='contact'  class='av-layout-grid-container av-av_layout_row-7a923332605b058236955d320f109bfc entry-content-wrapper main_color av-flex-cells  avia-builder-el-0  el_before_av_one_fifth  avia-builder-el-first   container_wrap fullsize'  >\n\n<style type=\"text\/css\" data-created_by=\"avia_inline_auto\" id=\"style-css-av-av_cell_one_full-5514cea1673c819043ffbc3a9ea9fae4\">\n.flex_cell.av-av_cell_one_full-5514cea1673c819043ffbc3a9ea9fae4{\nvertical-align:middle;\nheight:430px;\nmin-height:430px;\nbackground-color:#f7f7f7;\n}\n.responsive #top #wrap_all .flex_cell.av-av_cell_one_full-5514cea1673c819043ffbc3a9ea9fae4{\npadding:30px 100px 30px 100px !important;\n}\n<\/style>\n<div class='flex_cell av-av_cell_one_full-5514cea1673c819043ffbc3a9ea9fae4 av-gridrow-cell av_one_full no_margin  avia-builder-el-1  avia-builder-el-no-sibling  avia-full-stretch'  ><div class='flex_cell_inner'><p>\n<style type=\"text\/css\" data-created_by=\"avia_inline_auto\" id=\"style-css-av-av_one_full-d71a51a707c4656b37c9afbbd6138215\">\n.flex_column.av-av_one_full-d71a51a707c4656b37c9afbbd6138215{\nborder-radius:0px 0px 0px 0px;\npadding:0px 0px 0px 0px;\n}\n<\/style>\n<div  class='flex_column av-av_one_full-d71a51a707c4656b37c9afbbd6138215 av_one_full  avia-builder-el-2  el_before_av_image  avia-builder-el-first  first flex_column_div av-animated-generic bottom-to-top av-zero-column-padding  '     ><p>\n<style type=\"text\/css\" data-created_by=\"avia_inline_auto\" id=\"style-css-av-av_heading-d577e7c302abd44adf5b29538bdc50d8\">\n#top .av-special-heading.av-av_heading-d577e7c302abd44adf5b29538bdc50d8{\npadding-bottom:10px;\n}\nbody .av-special-heading.av-av_heading-d577e7c302abd44adf5b29538bdc50d8 .av-special-heading-tag .heading-char{\nfont-size:25px;\n}\n.av-special-heading.av-av_heading-d577e7c302abd44adf5b29538bdc50d8 .av-subheading{\nfont-size:15px;\n}\n<\/style>\n<div  class='av-special-heading av-av_heading-d577e7c302abd44adf5b29538bdc50d8 av-special-heading-h3 blockquote modern-quote  avia-builder-el-3  el_before_av_textblock  avia-builder-el-first '><h3 class='av-special-heading-tag'  itemprop=\"headline\"  >Der Projektraum | I am located in <\/h3><div class=\"special-heading-border\"><div class=\"special-heading-inner-border\"><\/div><\/div><\/div><br \/>\n<section  class='av_textblock_section av-av_textblock-0366cc7376be6c9e82a3e9cc8987b64f '   itemscope=\"itemscope\" itemtype=\"https:\/\/schema.org\/CreativeWork\" ><div class='avia_textblock'  itemprop=\"text\" ><p>Untere Weissgerberstrasse 5\/3 1030 Wien, Austria<br \/>\n<strong><a href=\"mailto:thomas.schneider@neuearbeit-neuekultur.de\">thomas.schneider@neuearbeit-neuekultur.de<\/a><\/strong><br \/>\n++43 699 103 153 52<\/p>\n<\/div><\/section><br \/>\n<section  class='av_textblock_section av-av_textblock-0366cc7376be6c9e82a3e9cc8987b64f '   itemscope=\"itemscope\" itemtype=\"https:\/\/schema.org\/CreativeWork\" ><div class='avia_textblock'  itemprop=\"text\" ><p>Datenschutzerkl\u00e4rungen lesen sich leichter, wenn man weiss das es grunds\u00e4tzlich richtig und wichtig ist Menschen bez\u00fcglich ihrer individuellen Daten vor Mi\u00dfbrauch und Kommerz zu sch\u00fctzen.<strong><br \/>\n<\/strong><\/p>\n<p>Jeder wei\u00df es, viele denken erst sp\u00e4t daran: Die gute alte EU hat mit Stichtag zum 25.5.2018 eine neue Datenschutzverordnung erlassen. Deshalb hier ein 1a Beipackzettel zu allen Datenschutzfragen rund um unser Online Angebot zum Anklicken:<\/p>\n<p class=\"style4\"><a href=\"http:\/\/tschneid.servus.at\/MAS\/impressum-und-datenschutzerklarung\/\">Impressum und Datenschutz<\/a><\/p>\n<p><strong>\u00a0<\/strong><\/p>\n<\/div><\/section><\/p><\/div>\n<style type=\"text\/css\" data-created_by=\"avia_inline_auto\" id=\"style-css-av-av_image-4373b99da043e5a424e26715bc164563\">\n.avia-image-container.av-av_image-4373b99da043e5a424e26715bc164563 img.avia_image{\nbox-shadow:none;\n}\n.avia-image-container.av-av_image-4373b99da043e5a424e26715bc164563 .av-image-caption-overlay-center{\ncolor:#ffffff;\n}\n<\/style>\n<div  class='avia-image-container av-av_image-4373b99da043e5a424e26715bc164563 av-styling- avia-align-center  avia-builder-el-6  el_after_av_one_full  avia-builder-el-last '   itemprop=\"image\" itemscope=\"itemscope\" itemtype=\"https:\/\/schema.org\/ImageObject\" ><div class=\"avia-image-container-inner\"><div class=\"avia-image-overlay-wrap\"><img fetchpriority=\"high\" class='wp-image-259 avia-img-lazy-loading-not-259 avia_image ' src='https:\/\/tschneid.servus.at\/MAS\/wp-content\/uploads\/oskar.jpg' alt='' title='oskar'  height=\"712\" width=\"960\"  itemprop=\"thumbnailUrl\"  \/><\/div><\/div><\/div><\/p>\n<\/div><\/div><\/div><div id='after_grid_row_1'  class='main_color av_default_container_wrap container_wrap fullsize'  ><div class='container av-section-cont-open' ><div class='template-page content  av-content-full alpha units'><div class='post-entry post-entry-type-page post-entry-156'><div class='entry-content-wrapper clearfix'>\n<style type=\"text\/css\" data-created_by=\"avia_inline_auto\" id=\"style-css-av-av_one_fifth-352b07ef7d3bc99b2e9f92e7a9e06bdb\">\n.flex_column.av-av_one_fifth-352b07ef7d3bc99b2e9f92e7a9e06bdb{\nborder-radius:0px 0px 0px 0px;\npadding:0px 0px 0px 0px;\n}\n<\/style>\n<div  class='flex_column av-av_one_fifth-352b07ef7d3bc99b2e9f92e7a9e06bdb av_one_fifth  avia-builder-el-7  el_after_av_layout_row  el_before_av_three_fifth  avia-builder-el-first  first flex_column_div av-zero-column-padding  '     ><\/div><\/p>\n\n<style type=\"text\/css\" data-created_by=\"avia_inline_auto\" id=\"style-css-av-av_three_fifth-93bea18e2ccb60552a17080633244dec\">\n.flex_column.av-av_three_fifth-93bea18e2ccb60552a17080633244dec{\nborder-radius:0px 0px 0px 0px;\npadding:0px 0px 0px 0px;\n}\n<\/style>\n<div  class='flex_column av-av_three_fifth-93bea18e2ccb60552a17080633244dec av_three_fifth  avia-builder-el-8  el_after_av_one_fifth  el_before_av_one_fifth  flex_column_div av-animated-generic bottom-to-top av-zero-column-padding  '     ><p>\n<style type=\"text\/css\" data-created_by=\"avia_inline_auto\" id=\"style-css-av-av_heading-a065121ef7a5d35e4f50fcc383ef394b\">\n#top .av-special-heading.av-av_heading-a065121ef7a5d35e4f50fcc383ef394b{\npadding-bottom:10px;\n}\nbody .av-special-heading.av-av_heading-a065121ef7a5d35e4f50fcc383ef394b .av-special-heading-tag .heading-char{\nfont-size:25px;\n}\n.av-special-heading.av-av_heading-a065121ef7a5d35e4f50fcc383ef394b .av-subheading{\nfont-size:15px;\n}\n<\/style>\n<div  class='av-special-heading av-av_heading-a065121ef7a5d35e4f50fcc383ef394b av-special-heading-h3 blockquote modern-quote modern-centered  avia-builder-el-9  el_before_av_textblock  avia-builder-el-first '><h3 class='av-special-heading-tag'  itemprop=\"headline\"  >Ihre Nachricht bitte! Feel free to drop a mail!<\/h3><div class='av-subheading av-subheading_below'><p>Wir bei code \u00eentuitif essen eventuell mehr Kiwi als Sie | We probably eat kiwi more than you do.<\/p>\n<\/div><div class=\"special-heading-border\"><div class=\"special-heading-inner-border\"><\/div><\/div><\/div><br \/>\n<section  class='av_textblock_section av-av_textblock-0366cc7376be6c9e82a3e9cc8987b64f '   itemscope=\"itemscope\" itemtype=\"https:\/\/schema.org\/CreativeWork\" ><div class='avia_textblock'  itemprop=\"text\" ><\/div><\/section><\/p><\/div>\n\n<style type=\"text\/css\" data-created_by=\"avia_inline_auto\" id=\"style-css-av-av_one_fifth-2a64de42b738552fe666ca889af77e28\">\n.flex_column.av-av_one_fifth-2a64de42b738552fe666ca889af77e28{\nborder-radius:0px 0px 0px 0px;\npadding:0px 0px 0px 0px;\n}\n<\/style>\n<div  class='flex_column av-av_one_fifth-2a64de42b738552fe666ca889af77e28 av_one_fifth  avia-builder-el-11  el_after_av_three_fifth  el_before_av_layout_row  avia-builder-el-last  flex_column_div av-zero-column-padding  '     ><\/div>\n<\/div><\/div><\/div><!-- close content main div --><\/div><\/div><div id='av-layout-grid-2'  class='av-layout-grid-container av-av_layout_row-1d8317cbdefe95838b8a91a9294aba61 entry-content-wrapper alternate_color av-flex-cells  avia-builder-el-12  el_after_av_one_fifth  avia-builder-el-last  grid-row-not-first  container_wrap fullsize'  >\n\n<style type=\"text\/css\" data-created_by=\"avia_inline_auto\" id=\"style-css-av-av_cell_one_fifth-bb0275f5cd7178472aca901ebec9d635\">\n.flex_cell.av-av_cell_one_fifth-bb0275f5cd7178472aca901ebec9d635{\nvertical-align:top;\nbackground-color:#ffffff;\n}\n.responsive #top #wrap_all .flex_cell.av-av_cell_one_fifth-bb0275f5cd7178472aca901ebec9d635{\npadding:30px 30px 30px 30px !important;\n}\n<\/style>\n<div class='flex_cell av-av_cell_one_fifth-bb0275f5cd7178472aca901ebec9d635 av-gridrow-cell av_one_fifth no_margin  avia-builder-el-13  el_before_av_cell_three_fifth  avia-builder-el-first '  ><div class='flex_cell_inner'><\/div><\/div>\n<style type=\"text\/css\" data-created_by=\"avia_inline_auto\" id=\"style-css-av-av_cell_three_fifth-f57c70f9f5a63fd800eb5b955b847c2a\">\n.flex_cell.av-av_cell_three_fifth-f57c70f9f5a63fd800eb5b955b847c2a{\nvertical-align:top;\n}\n.responsive #top #wrap_all .flex_cell.av-av_cell_three_fifth-f57c70f9f5a63fd800eb5b955b847c2a{\npadding:30px 30px 30px 30px !important;\n}\n<\/style>\n<div class='flex_cell av-av_cell_three_fifth-f57c70f9f5a63fd800eb5b955b847c2a av-gridrow-cell av_three_fifth no_margin  avia-builder-el-14  el_after_av_cell_one_fifth  el_before_av_cell_one_fifth '  ><div class='flex_cell_inner'><form action=\"https:\/\/tschneid.servus.at\/MAS\/contact\/\" method=\"post\" data-fields-with-error=\"Found errors in the following field(s):\" class=\"avia_ajax_form av-form-labels-hidden   avia-builder-el-15  avia-builder-el-no-sibling  av-centered-form   \" data-avia-form-id=\"1\" data-avia-redirect='' ><fieldset><p class='  first_form  form_element form_element_third' id='element_avia_1_1'><label for=\"avia_1_1\">Name <abbr class=\"required\" title=\"required\">*<\/abbr><\/label> <input name=\"avia_1_1\" class=\"text_input is_empty\" type=\"text\" id=\"avia_1_1\" value=\"\"  placeholder='Name*'\/><\/p><p class='  form_element form_element_third' id='element_avia_2_1'><label for=\"avia_2_1\">E-Mail <abbr class=\"required\" title=\"required\">*<\/abbr><\/label> <input name=\"avia_2_1\" class=\"text_input is_email\" type=\"text\" id=\"avia_2_1\" value=\"\"  placeholder='E-Mail*'\/><\/p><p class='  form_element form_element_third' id='element_avia_3_1'><label for=\"avia_3_1\">Subject <abbr class=\"required\" title=\"required\">*<\/abbr><\/label> <input name=\"avia_3_1\" class=\"text_input is_empty\" type=\"text\" id=\"avia_3_1\" value=\"\"  placeholder='Subject*'\/><\/p><p class='  first_form  form_element form_fullwidth av-last-visible-form-element' id='element_avia_4_1'><label for=\"avia_4_1\" class=\"textare_label hidden textare_label_avia_4_1\">Message <abbr class=\"required\" title=\"required\">*<\/abbr><\/label><textarea  placeholder='Message*' name=\"avia_4_1\" class=\"text_area is_empty\" cols=\"40\" rows=\"7\" id=\"avia_4_1\" ><\/textarea><\/p><p class=\"hidden\"><input type=\"text\" name=\"avia_5_1\" class=\"hidden \" id=\"avia_5_1\" value=\"\" \/><\/p><p class=\"form_element \"><input type=\"hidden\" value=\"1\" name=\"avia_generated_form1\" \/><input type=\"submit\" value=\"Submit\" class=\"button\"  data-sending-label=\"Sending\"\/><\/p><\/fieldset><\/form><div id=\"ajaxresponse_1\" class=\"ajaxresponse ajaxresponse_1 hidden\"><\/div>\n<\/div><\/div>\n<style type=\"text\/css\" data-created_by=\"avia_inline_auto\" id=\"style-css-av-av_cell_one_fifth-bb0275f5cd7178472aca901ebec9d635\">\n.flex_cell.av-av_cell_one_fifth-bb0275f5cd7178472aca901ebec9d635{\nvertical-align:top;\nbackground-color:#ffffff;\n}\n.responsive #top #wrap_all .flex_cell.av-av_cell_one_fifth-bb0275f5cd7178472aca901ebec9d635{\npadding:30px 30px 30px 30px !important;\n}\n<\/style>\n<div class='flex_cell av-av_cell_one_fifth-bb0275f5cd7178472aca901ebec9d635 av-gridrow-cell av_one_fifth no_margin  avia-builder-el-16  el_after_av_cell_three_fifth  avia-builder-el-last '  ><div class='flex_cell_inner'><\/div><\/div>\n<\/div>\n","protected":false},"excerpt":{"rendered":"","protected":false},"author":1,"featured_media":0,"parent":0,"menu_order":0,"comment_status":"open","ping_status":"open","template":"","meta":{"footnotes":""},"class_list":["post-156","page","type-page","status-publish","hentry"],"_links":{"self":[{"href":"https:\/\/tschneid.servus.at\/MAS\/wp-json\/wp\/v2\/pages\/156","targetHints":{"allow":["GET"]}}],"collection":[{"href":"https:\/\/tschneid.servus.at\/MAS\/wp-json\/wp\/v2\/pages"}],"about":[{"href":"https:\/\/tschneid.servus.at\/MAS\/wp-json\/wp\/v2\/types\/page"}],"author":[{"embeddable":true,"href":"https:\/\/tschneid.servus.at\/MAS\/wp-json\/wp\/v2\/users\/1"}],"replies":[{"embeddable":true,"href":"https:\/\/tschneid.servus.at\/MAS\/wp-json\/wp\/v2\/comments?post=156"}],"version-history":[{"count":24,"href":"https:\/\/tschneid.servus.at\/MAS\/wp-json\/wp\/v2\/pages\/156\/revisions"}],"predecessor-version":[{"id":1247,"href":"https:\/\/tschneid.servus.at\/MAS\/wp-json\/wp\/v2\/pages\/156\/revisions\/1247"}],"wp:attachment":[{"href":"https:\/\/tschneid.servus.at\/MAS\/wp-json\/wp\/v2\/media?parent=156"}],"curies":[{"name":"wp","href":"https:\/\/api.w.org\/{rel}","templated":true}]}}